{"id":571,"date":"2024-03-24T10:42:42","date_gmt":"2024-03-24T10:42:42","guid":{"rendered":"https:\/\/aperodelices.com\/?post_type=product&#038;p=571"},"modified":"2024-03-25T19:32:09","modified_gmt":"2024-03-25T19:32:09","slug":"tote-bag-apero-delices","status":"publish","type":"product","link":"https:\/\/aperodelices.com\/?product=tote-bag-apero-delices","title":{"rendered":"Tote bag Ap\u00e9ro D\u00e9lices"},"content":{"rendered":"<p><img data-recalc-dims=\"1\" loading=\"lazy\" decoding=\"async\" class=\"alignnone size-medium wp-image-572\" src=\"https:\/\/i0.wp.com\/aperodelices.com\/wp-content\/uploads\/2024\/03\/TotBAG.jpg?resize=300%2C264&#038;ssl=1\" alt=\"\" width=\"300\" height=\"264\" srcset=\"https:\/\/i0.wp.com\/aperodelices.com\/wp-content\/uploads\/2024\/03\/TotBAG.jpg?resize=300%2C264&amp;ssl=1 300w, https:\/\/i0.wp.com\/aperodelices.com\/wp-content\/uploads\/2024\/03\/TotBAG.jpg?resize=1024%2C902&amp;ssl=1 1024w, https:\/\/i0.wp.com\/aperodelices.com\/wp-content\/uploads\/2024\/03\/TotBAG.jpg?resize=768%2C677&amp;ssl=1 768w, https:\/\/i0.wp.com\/aperodelices.com\/wp-content\/uploads\/2024\/03\/TotBAG.jpg?resize=1536%2C1353&amp;ssl=1 1536w, https:\/\/i0.wp.com\/aperodelices.com\/wp-content\/uploads\/2024\/03\/TotBAG.jpg?resize=1320%2C1163&amp;ssl=1 1320w, https:\/\/i0.wp.com\/aperodelices.com\/wp-content\/uploads\/2024\/03\/TotBAG.jpg?resize=600%2C529&amp;ssl=1 600w, https:\/\/i0.wp.com\/aperodelices.com\/wp-content\/uploads\/2024\/03\/TotBAG.jpg?w=1599&amp;ssl=1 1599w\" sizes=\"auto, (max-width: 300px) 100vw, 300px\" \/><\/p>\n<p>&nbsp;<\/p>\n","protected":false},"excerpt":{"rendered":"<p><img loading=\"lazy\" decoding=\"async\" class=\"alignnone size-medium wp-image-572\" src=\"https:\/\/aperodelices.com\/wp-content\/uploads\/2024\/03\/TotBAG-300x264.jpg\" alt=\"\" width=\"300\" height=\"264\" srcset=\"https:\/\/i0.wp.com\/aperodelices.com\/wp-content\/uploads\/2024\/03\/TotBAG.jpg?resize=300%2C264&amp;ssl=1 300w, https:\/\/i0.wp.com\/aperodelices.com\/wp-content\/uploads\/2024\/03\/TotBAG.jpg?resize=1024%2C902&amp;ssl=1 1024w, https:\/\/i0.wp.com\/aperodelices.com\/wp-content\/uploads\/2024\/03\/TotBAG.jpg?resize=768%2C677&amp;ssl=1 768w, https:\/\/i0.wp.com\/aperodelices.com\/wp-content\/uploads\/2024\/03\/TotBAG.jpg?resize=1536%2C1353&amp;ssl=1 1536w, https:\/\/i0.wp.com\/aperodelices.com\/wp-content\/uploads\/2024\/03\/TotBAG.jpg?resize=1320%2C1163&amp;ssl=1 1320w, https:\/\/i0.wp.com\/aperodelices.com\/wp-content\/uploads\/2024\/03\/TotBAG.jpg?resize=600%2C529&amp;ssl=1 600w, https:\/\/i0.wp.com\/aperodelices.com\/wp-content\/uploads\/2024\/03\/TotBAG.jpg?w=1599&amp;ssl=1 1599w\" sizes=\"auto, (max-width: 300px) 100vw, 300px\" \/><\/p>\n<p>T<span style=\"font-family: var(--global-body-font-family);\">ote bag r\u00e9alis\u00e9 en collaboration avec la fabrik \u00e0 Couzettes.<\/span><\/p>\n","protected":false},"featured_media":572,"template":"","meta":{"_kadence_starter_templates_imported_post":false,"_kad_post_transparent":"default","_kad_post_title":"","_kad_post_layout":"default","_kad_post_sidebar_id":"","_kad_post_content_style":"default","_kad_post_vertical_padding":"default","_kad_post_feature":"","_kad_post_feature_position":"","_kad_post_header":false,"_kad_post_footer":false,"_kad_post_classname":""},"product_brand":[],"product_cat":[49],"product_tag":[],"class_list":{"0":"post-571","1":"product","2":"type-product","3":"status-publish","4":"has-post-thumbnail","6":"product_cat-goodies","8":"first","9":"instock","10":"taxable","11":"shipping-taxable","12":"purchasable","13":"product-type-simple","14":"entry","15":"content-bg","16":"loop-entry"},"jetpack_sharing_enabled":true,"_links":{"self":[{"href":"https:\/\/aperodelices.com\/index.php?rest_route=\/wp\/v2\/product\/571","targetHints":{"allow":["GET"]}}],"collection":[{"href":"https:\/\/aperodelices.com\/index.php?rest_route=\/wp\/v2\/product"}],"about":[{"href":"https:\/\/aperodelices.com\/index.php?rest_route=\/wp\/v2\/types\/product"}],"wp:featuredmedia":[{"embeddable":true,"href":"https:\/\/aperodelices.com\/index.php?rest_route=\/wp\/v2\/media\/572"}],"wp:attachment":[{"href":"https:\/\/aperodelices.com\/index.php?rest_route=%2Fwp%2Fv2%2Fmedia&parent=571"}],"wp:term":[{"taxonomy":"product_brand","embeddable":true,"href":"https:\/\/aperodelices.com\/index.php?rest_route=%2Fwp%2Fv2%2Fproduct_brand&post=571"},{"taxonomy":"product_cat","embeddable":true,"href":"https:\/\/aperodelices.com\/index.php?rest_route=%2Fwp%2Fv2%2Fproduct_cat&post=571"},{"taxonomy":"product_tag","embeddable":true,"href":"https:\/\/aperodelices.com\/index.php?rest_route=%2Fwp%2Fv2%2Fproduct_tag&post=571"}],"curies":[{"name":"wp","href":"https:\/\/api.w.org\/{rel}","templated":true}]}}