{"id":359,"date":"2022-09-03T10:43:25","date_gmt":"2022-09-03T10:43:25","guid":{"rendered":"https:\/\/aperodelices.com\/product\/billes-nature-sucrees"},"modified":"2024-01-15T08:38:40","modified_gmt":"2024-01-15T08:38:40","slug":"billes-nature-sucrees","status":"publish","type":"product","link":"https:\/\/aperodelices.com\/?product=billes-nature-sucrees","title":{"rendered":"Billes Nature sucr\u00e9es"},"content":{"rendered":"<p><strong>Croquettes nature sucr\u00e9es\u00a0\u00a0\u00a0\u00a0\u00a0\u00a0\u00a0\u00a0\u00a0\u00a0\u00a0\u00a0\u00a0\u00a0\u00a0\u00a0\u00a0\u00a0\u00a0\u00a0 <\/strong>100g<\/p>\n<p><u>Allerg\u00e8nes :<\/u> <strong>\u0152uf, Lait, Gluten<\/strong><\/p>\n<p><u>Composition :<\/u> Beurre, sucre, \u0153uf, farine de bl\u00e9<\/p>\n","protected":false},"excerpt":{"rendered":"<p>Croquettes nature sucr\u00e9es\u00a0\u00a0\u00a0\u00a0\u00a0\u00a0\u00a0\u00a0\u00a0\u00a0\u00a0\u00a0\u00a0\u00a0\u00a0\u00a0\u00a0\u00a0\u00a0\u00a0 100g Allerg\u00e8nes : \u0152uf, Lait, Gluten Composition : Beurre, sucre, \u0153uf, farine de bl\u00e9<\/p>\n","protected":false},"featured_media":385,"template":"","meta":{"_kadence_starter_templates_imported_post":false,"_kad_post_transparent":"default","_kad_post_title":"","_kad_post_layout":"default","_kad_post_sidebar_id":"","_kad_post_content_style":"default","_kad_post_vertical_padding":"default","_kad_post_feature":"","_kad_post_feature_position":"","_kad_post_header":false,"_kad_post_footer":false,"_kad_post_classname":""},"product_brand":[],"product_cat":[20,40],"product_tag":[44,46],"class_list":{"0":"post-359","1":"product","2":"type-product","3":"status-publish","4":"has-post-thumbnail","6":"product_cat-billes","7":"product_cat-sucrees","8":"product_tag-billes","9":"product_tag-sucrees","11":"first","12":"instock","13":"taxable","14":"shipping-taxable","15":"purchasable","16":"product-type-simple","17":"entry","18":"content-bg","19":"loop-entry"},"jetpack_sharing_enabled":true,"_links":{"self":[{"href":"https:\/\/aperodelices.com\/index.php?rest_route=\/wp\/v2\/product\/359","targetHints":{"allow":["GET"]}}],"collection":[{"href":"https:\/\/aperodelices.com\/index.php?rest_route=\/wp\/v2\/product"}],"about":[{"href":"https:\/\/aperodelices.com\/index.php?rest_route=\/wp\/v2\/types\/product"}],"wp:featuredmedia":[{"embeddable":true,"href":"https:\/\/aperodelices.com\/index.php?rest_route=\/wp\/v2\/media\/385"}],"wp:attachment":[{"href":"https:\/\/aperodelices.com\/index.php?rest_route=%2Fwp%2Fv2%2Fmedia&parent=359"}],"wp:term":[{"taxonomy":"product_brand","embeddable":true,"href":"https:\/\/aperodelices.com\/index.php?rest_route=%2Fwp%2Fv2%2Fproduct_brand&post=359"},{"taxonomy":"product_cat","embeddable":true,"href":"https:\/\/aperodelices.com\/index.php?rest_route=%2Fwp%2Fv2%2Fproduct_cat&post=359"},{"taxonomy":"product_tag","embeddable":true,"href":"https:\/\/aperodelices.com\/index.php?rest_route=%2Fwp%2Fv2%2Fproduct_tag&post=359"}],"curies":[{"name":"wp","href":"https:\/\/api.w.org\/{rel}","templated":true}]}}