{"id":356,"date":"2022-09-03T10:43:24","date_gmt":"2022-09-03T10:43:24","guid":{"rendered":"https:\/\/aperodelices.com\/product\/sables-sesame-emmental"},"modified":"2024-01-15T08:39:43","modified_gmt":"2024-01-15T08:39:43","slug":"sables-sesame-emmental","status":"publish","type":"product","link":"https:\/\/aperodelices.com\/?product=sables-sesame-emmental","title":{"rendered":"Sabl\u00e9s S\u00e9same &#038; emmental"},"content":{"rendered":"<p><strong>Biscuits Emmental S\u00e9same\u00a0\u00a0\u00a0\u00a0\u00a0\u00a0 100g<\/strong><\/p>\n<p>Allerg\u00e8nes : <strong>\u0152uf, Lait, Guten,S\u00e9same.<\/strong><\/p>\n<p>Composition : Beurre, sucre, \u0153uf, Emmental, S\u00e9same.<\/p>\n","protected":false},"excerpt":{"rendered":"<p>Biscuits Emmental S\u00e9same\u00a0\u00a0\u00a0\u00a0\u00a0\u00a0 100g Allerg\u00e8nes : \u0152uf, Lait, Guten,S\u00e9same. Composition : Beurre, sucre, \u0153uf, Emmental, S\u00e9same.<\/p>\n","protected":false},"featured_media":395,"template":"","meta":{"_kadence_starter_templates_imported_post":false,"_kad_post_transparent":"default","_kad_post_title":"","_kad_post_layout":"default","_kad_post_sidebar_id":"","_kad_post_content_style":"default","_kad_post_vertical_padding":"default","_kad_post_feature":"","_kad_post_feature_position":"","_kad_post_header":false,"_kad_post_footer":false,"_kad_post_classname":""},"product_brand":[],"product_cat":[19,41],"product_tag":[21,22,47],"class_list":{"0":"post-356","1":"product","2":"type-product","3":"status-publish","4":"has-post-thumbnail","6":"product_cat-biscuits","7":"product_cat-sales","8":"product_tag-biscuits","9":"product_tag-sables","10":"product_tag-sales","12":"first","13":"instock","14":"taxable","15":"shipping-taxable","16":"purchasable","17":"product-type-simple","18":"entry","19":"content-bg","20":"loop-entry"},"jetpack_sharing_enabled":true,"_links":{"self":[{"href":"https:\/\/aperodelices.com\/index.php?rest_route=\/wp\/v2\/product\/356","targetHints":{"allow":["GET"]}}],"collection":[{"href":"https:\/\/aperodelices.com\/index.php?rest_route=\/wp\/v2\/product"}],"about":[{"href":"https:\/\/aperodelices.com\/index.php?rest_route=\/wp\/v2\/types\/product"}],"wp:featuredmedia":[{"embeddable":true,"href":"https:\/\/aperodelices.com\/index.php?rest_route=\/wp\/v2\/media\/395"}],"wp:attachment":[{"href":"https:\/\/aperodelices.com\/index.php?rest_route=%2Fwp%2Fv2%2Fmedia&parent=356"}],"wp:term":[{"taxonomy":"product_brand","embeddable":true,"href":"https:\/\/aperodelices.com\/index.php?rest_route=%2Fwp%2Fv2%2Fproduct_brand&post=356"},{"taxonomy":"product_cat","embeddable":true,"href":"https:\/\/aperodelices.com\/index.php?rest_route=%2Fwp%2Fv2%2Fproduct_cat&post=356"},{"taxonomy":"product_tag","embeddable":true,"href":"https:\/\/aperodelices.com\/index.php?rest_route=%2Fwp%2Fv2%2Fproduct_tag&post=356"}],"curies":[{"name":"wp","href":"https:\/\/api.w.org\/{rel}","templated":true}]}}