{"id":350,"date":"2022-09-03T10:43:23","date_gmt":"2022-09-03T10:43:23","guid":{"rendered":"https:\/\/aperodelices.com\/product\/sables-daim"},"modified":"2024-01-15T08:39:44","modified_gmt":"2024-01-15T08:39:44","slug":"sables-daim","status":"publish","type":"product","link":"https:\/\/aperodelices.com\/?product=sables-daim","title":{"rendered":"Sabl\u00e9s Daim"},"content":{"rendered":"<p><strong>Biscuits Daim\u00a0\u00a0\u00a0\u00a0\u00a0\u00a0\u00a0\u00a0\u00a0\u00a0\u00a0\u00a0\u00a0\u00a0\u00a0\u00a0\u00a0\u00a0\u00a0<\/strong> <strong>100g<\/strong><\/p>\n<p><u>Allerg\u00e8nes :<\/u> <strong>\u0152uf, Lait, Gluten, Fruits \u00e0 coques.<\/strong><\/p>\n<p><u>Composition :<\/u> Beurre, sucre, \u0153uf, farine de bl\u00e9, brisures de Daim<\/p>\n","protected":false},"excerpt":{"rendered":"<p>Biscuits Daim\u00a0\u00a0\u00a0\u00a0\u00a0\u00a0\u00a0\u00a0\u00a0\u00a0\u00a0\u00a0\u00a0\u00a0\u00a0\u00a0\u00a0\u00a0\u00a0 100g Allerg\u00e8nes : \u0152uf, Lait, Gluten, Fruits \u00e0 coques. Composition : Beurre, sucre, \u0153uf, farine de bl\u00e9, brisures de Daim<\/p>\n","protected":false},"featured_media":398,"template":"","meta":{"_kadence_starter_templates_imported_post":false,"_kad_post_transparent":"default","_kad_post_title":"","_kad_post_layout":"default","_kad_post_sidebar_id":"","_kad_post_content_style":"default","_kad_post_vertical_padding":"default","_kad_post_feature":"","_kad_post_feature_position":"","_kad_post_header":false,"_kad_post_footer":false,"_kad_post_classname":""},"product_brand":[],"product_cat":[19,42],"product_tag":[21,22,23],"class_list":{"0":"post-350","1":"product","2":"type-product","3":"status-publish","4":"has-post-thumbnail","6":"product_cat-biscuits","7":"product_cat-sucres","8":"product_tag-biscuits","9":"product_tag-sables","10":"product_tag-sucres","12":"first","13":"instock","14":"taxable","15":"shipping-taxable","16":"purchasable","17":"product-type-simple","18":"entry","19":"content-bg","20":"loop-entry"},"jetpack_sharing_enabled":true,"_links":{"self":[{"href":"https:\/\/aperodelices.com\/index.php?rest_route=\/wp\/v2\/product\/350","targetHints":{"allow":["GET"]}}],"collection":[{"href":"https:\/\/aperodelices.com\/index.php?rest_route=\/wp\/v2\/product"}],"about":[{"href":"https:\/\/aperodelices.com\/index.php?rest_route=\/wp\/v2\/types\/product"}],"wp:featuredmedia":[{"embeddable":true,"href":"https:\/\/aperodelices.com\/index.php?rest_route=\/wp\/v2\/media\/398"}],"wp:attachment":[{"href":"https:\/\/aperodelices.com\/index.php?rest_route=%2Fwp%2Fv2%2Fmedia&parent=350"}],"wp:term":[{"taxonomy":"product_brand","embeddable":true,"href":"https:\/\/aperodelices.com\/index.php?rest_route=%2Fwp%2Fv2%2Fproduct_brand&post=350"},{"taxonomy":"product_cat","embeddable":true,"href":"https:\/\/aperodelices.com\/index.php?rest_route=%2Fwp%2Fv2%2Fproduct_cat&post=350"},{"taxonomy":"product_tag","embeddable":true,"href":"https:\/\/aperodelices.com\/index.php?rest_route=%2Fwp%2Fv2%2Fproduct_tag&post=350"}],"curies":[{"name":"wp","href":"https:\/\/api.w.org\/{rel}","templated":true}]}}