{"id":22,"date":"2021-12-14T16:35:50","date_gmt":"2021-12-14T16:35:50","guid":{"rendered":"https:\/\/startertemplatecloud.com\/g27\/?page_id=22"},"modified":"2022-09-04T21:11:02","modified_gmt":"2022-09-04T21:11:02","slug":"roasting","status":"publish","type":"page","link":"https:\/\/aperodelices.com\/?page_id=22","title":{"rendered":"Fabrication"},"content":{"rendered":"<style>#kt-layout-id_c66d18-73 > .kt-row-column-wrap{align-content:start;}:where(#kt-layout-id_c66d18-73 > .kt-row-column-wrap) > .wp-block-kadence-column{justify-content:start;}#kt-layout-id_c66d18-73 > .kt-row-column-wrap{column-gap:var(--global-kb-gap-md, 2rem);row-gap:var(--global-kb-gap-md, 2rem);max-width:var( --global-content-width, 1290px );padding-left:var(--global-content-edge-padding);padding-right:var(--global-content-edge-padding);padding-top:var( --global-kb-row-default-top, 25px );padding-bottom:var( --global-kb-row-default-bottom, 25px );padding-top:40px;grid-template-columns:minmax(0, 1fr);}#kt-layout-id_c66d18-73{background-image:url('https:\/\/aperodelices.com\/wp-content\/uploads\/2021\/12\/process-1-min-scaled-1.jpeg');background-size:cover;background-position:71% 46%;background-attachment:scroll;background-repeat:no-repeat;}#kt-layout-id_c66d18-73 > .kt-row-layout-overlay{opacity:1;background-color:var(--global-palette2, #2B6CB0);mix-blend-mode:overlay;}@media all and (max-width: 1024px){#kt-layout-id_c66d18-73 > .kt-row-column-wrap{grid-template-columns:minmax(0, 1fr);}}@media all and (max-width: 767px){#kt-layout-id_c66d18-73 > .kt-row-column-wrap{grid-template-columns:minmax(0, 1fr);}}<\/style>\n<div class=\"wp-block-kadence-rowlayout alignnone\"><div id=\"kt-layout-id_c66d18-73\" class=\"kt-row-layout-inner kt-row-has-bg kt-layout-id_c66d18-73\"><div class=\"kt-row-layout-overlay kt-row-overlay-normal\"><\/div><div class=\"kt-row-column-wrap kt-has-1-columns kt-gutter-default kt-v-gutter-default kt-row-valign-top kt-row-layout-equal kt-tab-layout-inherit kt-m-colapse-left-to-right kt-mobile-layout-row kb-theme-content-width\"><style>.kadence-column_53b2a1-73 > .kt-inside-inner-col{border-top-width:0px;border-right-width:0px;border-bottom-width:0px;border-left-width:0px;}.kadence-column_53b2a1-73 > .kt-inside-inner-col,.kadence-column_53b2a1-73 > .kt-inside-inner-col:before{border-top-left-radius:0px;border-top-right-radius:0px;border-bottom-right-radius:0px;border-bottom-left-radius:0px;}.kadence-column_53b2a1-73 > .kt-inside-inner-col{column-gap:var(--global-kb-gap-sm, 1rem);}.kadence-column_53b2a1-73 > .kt-inside-inner-col{flex-direction:column;}.kadence-column_53b2a1-73 > .kt-inside-inner-col > .aligncenter{width:100%;}.kadence-column_53b2a1-73 > .kt-inside-inner-col:before{opacity:0.3;}.kadence-column_53b2a1-73{position:relative;}@media all and (max-width: 1024px){.kadence-column_53b2a1-73 > .kt-inside-inner-col{flex-direction:column;justify-content:center;}}@media all and (max-width: 767px){.kadence-column_53b2a1-73 > .kt-inside-inner-col{flex-direction:column;justify-content:center;}}<\/style>\n<div class=\"wp-block-kadence-column inner-column-1 kadence-column_53b2a1-73\"><div class=\"kt-inside-inner-col\"><style>.wp-block-kadence-advancedheading.kt-adv-heading_9cb1e5-e9, .wp-block-kadence-advancedheading.kt-adv-heading_9cb1e5-e9[data-kb-block=\"kb-adv-heading_9cb1e5-e9\"]{text-align:center;font-style:normal;color:#ffffff;text-shadow:1px 1px 7px #3d3d3e;}.wp-block-kadence-advancedheading.kt-adv-heading_9cb1e5-e9 mark.kt-highlight, .wp-block-kadence-advancedheading.kt-adv-heading_9cb1e5-e9[data-kb-block=\"kb-adv-heading_9cb1e5-e9\"] mark.kt-highlight{font-style:normal;color:#f76a0c;-webkit-box-decoration-break:clone;box-decoration-break:clone;padding-top:0px;padding-right:0px;padding-bottom:0px;padding-left:0px;}.wp-block-kadence-advancedheading.kt-adv-heading_9cb1e5-e9 img.kb-inline-image, .wp-block-kadence-advancedheading.kt-adv-heading_9cb1e5-e9[data-kb-block=\"kb-adv-heading_9cb1e5-e9\"] img.kb-inline-image{width:150px;vertical-align:baseline;}@media all and (max-width: 1024px){.wp-block-kadence-advancedheading.kt-adv-heading_9cb1e5-e9, .wp-block-kadence-advancedheading.kt-adv-heading_9cb1e5-e9[data-kb-block=\"kb-adv-heading_9cb1e5-e9\"]{text-shadow:1px 1px 7px #3d3d3e;}}@media all and (max-width: 767px){.wp-block-kadence-advancedheading.kt-adv-heading_9cb1e5-e9, .wp-block-kadence-advancedheading.kt-adv-heading_9cb1e5-e9[data-kb-block=\"kb-adv-heading_9cb1e5-e9\"]{text-shadow:1px 1px 7px #3d3d3e;font-size:40px;}}<\/style>\n<h2 class=\"kt-adv-heading_9cb1e5-e9 wp-block-kadence-advancedheading\" data-kb-block=\"kb-adv-heading_9cb1e5-e9\">Fabrication<\/h2>\n<\/div><\/div>\n<\/div><\/div><\/div>\n\n\n<style>#kt-layout-id_d1e293-96 > .kt-row-column-wrap{align-content:start;}:where(#kt-layout-id_d1e293-96 > .kt-row-column-wrap) > .wp-block-kadence-column{justify-content:start;}#kt-layout-id_d1e293-96 > .kt-row-column-wrap{column-gap:80px;row-gap:var(--global-kb-gap-md, 2rem);max-width:var( --global-content-width, 1290px );padding-left:var(--global-content-edge-padding);padding-right:var(--global-content-edge-padding);padding-top:var( --global-kb-row-default-top, 25px );padding-bottom:var( --global-kb-row-default-bottom, 25px );padding-top:79px;padding-bottom:80px;grid-template-columns:repeat(2, minmax(0, 1fr));}#kt-layout-id_d1e293-96{background-image:url('https:\/\/aperodelices.com\/wp-content\/uploads\/2022\/09\/Photo-ensemble-dec-21-scaled.jpg');background-size:cover;background-position:22% 31%;background-attachment:scroll;background-repeat:no-repeat;}#kt-layout-id_d1e293-96 > .kt-row-layout-overlay{opacity:0.76;background-color:#3d3d3e;mix-blend-mode:multiply;}@media all and (max-width: 1024px){#kt-layout-id_d1e293-96 > .kt-row-column-wrap{grid-template-columns:repeat(2, minmax(0, 1fr));}}@media all and (max-width: 767px){#kt-layout-id_d1e293-96 > .kt-row-column-wrap{grid-template-columns:minmax(0, 1fr);}}<\/style>\n<div class=\"wp-block-kadence-rowlayout alignnone\"><div id=\"kt-layout-id_d1e293-96\" class=\"kt-row-layout-inner kt-row-has-bg kt-layout-id_d1e293-96\"><div class=\"kt-row-layout-overlay kt-row-overlay-normal\"><\/div><div class=\"kt-row-column-wrap kt-has-2-columns kt-gutter-widest kt-v-gutter-default kt-row-valign-top kt-row-layout-equal kt-tab-layout-inherit kt-m-colapse-left-to-right kt-mobile-layout-row kb-theme-content-width\"><style>.kadence-column_d9e62b-f3 > .kt-inside-inner-col{border-top-width:0px;border-right-width:0px;border-bottom-width:0px;border-left-width:0px;}.kadence-column_d9e62b-f3 > .kt-inside-inner-col,.kadence-column_d9e62b-f3 > .kt-inside-inner-col:before{border-top-left-radius:0px;border-top-right-radius:0px;border-bottom-right-radius:0px;border-bottom-left-radius:0px;}.kadence-column_d9e62b-f3 > .kt-inside-inner-col{column-gap:var(--global-kb-gap-sm, 1rem);}.kadence-column_d9e62b-f3 > .kt-inside-inner-col{flex-direction:column;}.kadence-column_d9e62b-f3 > .kt-inside-inner-col > .aligncenter{width:100%;}.kadence-column_d9e62b-f3 > .kt-inside-inner-col:before{opacity:0.3;}.kadence-column_d9e62b-f3{position:relative;}@media all and (max-width: 1024px){.kadence-column_d9e62b-f3 > .kt-inside-inner-col{flex-direction:column;justify-content:center;}}@media all and (max-width: 767px){.kadence-column_d9e62b-f3 > .kt-inside-inner-col{flex-direction:column;justify-content:center;}}<\/style>\n<div class=\"wp-block-kadence-column inner-column-1 kadence-column_d9e62b-f3\"><div class=\"kt-inside-inner-col\"><style>.wp-block-kadence-advancedheading.kt-adv-heading_044051-0b, .wp-block-kadence-advancedheading.kt-adv-heading_044051-0b[data-kb-block=\"kb-adv-heading_044051-0b\"]{font-style:normal;}.wp-block-kadence-advancedheading.kt-adv-heading_044051-0b mark.kt-highlight, .wp-block-kadence-advancedheading.kt-adv-heading_044051-0b[data-kb-block=\"kb-adv-heading_044051-0b\"] mark.kt-highlight{font-style:normal;color:#f76a0c;-webkit-box-decoration-break:clone;box-decoration-break:clone;padding-top:0px;padding-right:0px;padding-bottom:0px;padding-left:0px;}.wp-block-kadence-advancedheading.kt-adv-heading_044051-0b img.kb-inline-image, .wp-block-kadence-advancedheading.kt-adv-heading_044051-0b[data-kb-block=\"kb-adv-heading_044051-0b\"] img.kb-inline-image{width:150px;vertical-align:baseline;}<\/style>\n<h6 class=\"kt-adv-heading_044051-0b wp-block-kadence-advancedheading has-theme-palette-1-color has-text-color\" data-kb-block=\"kb-adv-heading_044051-0b\">Fabrication des billes<\/h6>\n\n\n<style>.wp-block-kadence-advancedheading.kt-adv-heading_291430-64, .wp-block-kadence-advancedheading.kt-adv-heading_291430-64[data-kb-block=\"kb-adv-heading_291430-64\"]{font-style:normal;color:#ffffff;}.wp-block-kadence-advancedheading.kt-adv-heading_291430-64 mark.kt-highlight, .wp-block-kadence-advancedheading.kt-adv-heading_291430-64[data-kb-block=\"kb-adv-heading_291430-64\"] mark.kt-highlight{font-style:normal;color:#f76a0c;-webkit-box-decoration-break:clone;box-decoration-break:clone;padding-top:0px;padding-right:0px;padding-bottom:0px;padding-left:0px;}.wp-block-kadence-advancedheading.kt-adv-heading_291430-64 img.kb-inline-image, .wp-block-kadence-advancedheading.kt-adv-heading_291430-64[data-kb-block=\"kb-adv-heading_291430-64\"] img.kb-inline-image{width:150px;vertical-align:baseline;}<\/style>\n<h4 class=\"kt-adv-heading_291430-64 wp-block-kadence-advancedheading\" data-kb-block=\"kb-adv-heading_291430-64\">Proc\u00e9d\u00e9 de fabrication des billes<\/h4>\n\n\n<style>.wp-block-kadence-advancedheading.kt-adv-heading_d4d7da-58, .wp-block-kadence-advancedheading.kt-adv-heading_d4d7da-58[data-kb-block=\"kb-adv-heading_d4d7da-58\"]{font-size:25px;line-height:1.5em;font-style:normal;color:#ffffff;}.wp-block-kadence-advancedheading.kt-adv-heading_d4d7da-58 mark.kt-highlight, .wp-block-kadence-advancedheading.kt-adv-heading_d4d7da-58[data-kb-block=\"kb-adv-heading_d4d7da-58\"] mark.kt-highlight{font-style:normal;color:#f76a0c;-webkit-box-decoration-break:clone;box-decoration-break:clone;padding-top:0px;padding-right:0px;padding-bottom:0px;padding-left:0px;}.wp-block-kadence-advancedheading.kt-adv-heading_d4d7da-58 img.kb-inline-image, .wp-block-kadence-advancedheading.kt-adv-heading_d4d7da-58[data-kb-block=\"kb-adv-heading_d4d7da-58\"] img.kb-inline-image{width:150px;vertical-align:baseline;}<\/style>\n<p class=\"kt-adv-heading_d4d7da-58 wp-block-kadence-advancedheading\" data-kb-block=\"kb-adv-heading_d4d7da-58\">La fabrication commence par la r\u00e9alisation de la p\u00e2te.<\/p>\n\n\n<style>.wp-block-kadence-advancedheading.kt-adv-heading_0e168e-c8, .wp-block-kadence-advancedheading.kt-adv-heading_0e168e-c8[data-kb-block=\"kb-adv-heading_0e168e-c8\"]{font-size:25px;line-height:1.5em;font-style:normal;color:#ffffff;}.wp-block-kadence-advancedheading.kt-adv-heading_0e168e-c8 mark.kt-highlight, .wp-block-kadence-advancedheading.kt-adv-heading_0e168e-c8[data-kb-block=\"kb-adv-heading_0e168e-c8\"] mark.kt-highlight{font-style:normal;color:#f76a0c;-webkit-box-decoration-break:clone;box-decoration-break:clone;padding-top:0px;padding-right:0px;padding-bottom:0px;padding-left:0px;}.wp-block-kadence-advancedheading.kt-adv-heading_0e168e-c8 img.kb-inline-image, .wp-block-kadence-advancedheading.kt-adv-heading_0e168e-c8[data-kb-block=\"kb-adv-heading_0e168e-c8\"] img.kb-inline-image{width:150px;vertical-align:baseline;}<\/style>\n<p class=\"kt-adv-heading_0e168e-c8 wp-block-kadence-advancedheading\" data-kb-block=\"kb-adv-heading_0e168e-c8\"><br>Il s&rsquo;agit d&rsquo;une base de p\u00e2te sabl\u00e9e, l&rsquo;ensemble des ingr\u00e9dients sont ajout\u00e9s selon la recette dans le p\u00e9trin.<\/p>\n<\/div><\/div>\n\n\n<style>.kadence-column_7964b6-07 > .kt-inside-inner-col{border-top-width:0px;border-right-width:0px;border-bottom-width:0px;border-left-width:0px;}.kadence-column_7964b6-07 > .kt-inside-inner-col,.kadence-column_7964b6-07 > .kt-inside-inner-col:before{border-top-left-radius:0px;border-top-right-radius:0px;border-bottom-right-radius:0px;border-bottom-left-radius:0px;}.kadence-column_7964b6-07 > .kt-inside-inner-col{column-gap:var(--global-kb-gap-sm, 1rem);}.kadence-column_7964b6-07 > .kt-inside-inner-col{flex-direction:column;}.kadence-column_7964b6-07 > .kt-inside-inner-col > .aligncenter{width:100%;}.kadence-column_7964b6-07 > .kt-inside-inner-col:before{opacity:0.3;}.kadence-column_7964b6-07{position:relative;}@media all and (max-width: 1024px){.kadence-column_7964b6-07 > .kt-inside-inner-col{flex-direction:column;justify-content:center;}}@media all and (max-width: 767px){.kadence-column_7964b6-07 > .kt-inside-inner-col{flex-direction:column;justify-content:center;}}<\/style>\n<div class=\"wp-block-kadence-column inner-column-2 kadence-column_7964b6-07\"><div class=\"kt-inside-inner-col\"><style>.wp-block-kadence-advancedheading.kt-adv-heading_82d90e-a5, .wp-block-kadence-advancedheading.kt-adv-heading_82d90e-a5[data-kb-block=\"kb-adv-heading_82d90e-a5\"]{font-size:25px;line-height:1.5em;font-style:normal;color:#ffffff;}.wp-block-kadence-advancedheading.kt-adv-heading_82d90e-a5 mark.kt-highlight, .wp-block-kadence-advancedheading.kt-adv-heading_82d90e-a5[data-kb-block=\"kb-adv-heading_82d90e-a5\"] mark.kt-highlight{font-style:normal;color:#f76a0c;-webkit-box-decoration-break:clone;box-decoration-break:clone;padding-top:0px;padding-right:0px;padding-bottom:0px;padding-left:0px;}.wp-block-kadence-advancedheading.kt-adv-heading_82d90e-a5 img.kb-inline-image, .wp-block-kadence-advancedheading.kt-adv-heading_82d90e-a5[data-kb-block=\"kb-adv-heading_82d90e-a5\"] img.kb-inline-image{width:150px;vertical-align:baseline;}<\/style>\n<p class=\"kt-adv-heading_82d90e-a5 wp-block-kadence-advancedheading\" data-kb-block=\"kb-adv-heading_82d90e-a5\">La seconde \u00e9tape consiste \u00e0 remplir nos plaques de moules en demies sph\u00e8res manuellement \u00e0 l&rsquo;aide d&rsquo;un couteau de p\u00e2tissier.<\/p>\n\n\n<style>.wp-block-kadence-advancedheading.kt-adv-heading_b96650-61, .wp-block-kadence-advancedheading.kt-adv-heading_b96650-61[data-kb-block=\"kb-adv-heading_b96650-61\"]{font-size:25px;line-height:1.5em;font-style:normal;color:#ffffff;}.wp-block-kadence-advancedheading.kt-adv-heading_b96650-61 mark.kt-highlight, .wp-block-kadence-advancedheading.kt-adv-heading_b96650-61[data-kb-block=\"kb-adv-heading_b96650-61\"] mark.kt-highlight{font-style:normal;color:#f76a0c;-webkit-box-decoration-break:clone;box-decoration-break:clone;padding-top:0px;padding-right:0px;padding-bottom:0px;padding-left:0px;}.wp-block-kadence-advancedheading.kt-adv-heading_b96650-61 img.kb-inline-image, .wp-block-kadence-advancedheading.kt-adv-heading_b96650-61[data-kb-block=\"kb-adv-heading_b96650-61\"] img.kb-inline-image{width:150px;vertical-align:baseline;}<\/style>\n<p class=\"kt-adv-heading_b96650-61 wp-block-kadence-advancedheading\" data-kb-block=\"kb-adv-heading_b96650-61\">La troisi\u00e8me \u00e9tape est le petit tour au four pour la cuisson<br><br>Apr\u00e8s cuisson les plaques sont mises \u00e0 refroidir, et les billes sont d\u00e9moul\u00e9es et pr\u00eates \u00e0 \u00eatre d\u00e9gust\u00e9es.<br><br>La derni\u00e8re \u00e9tape est le conditionnement des billes.<\/p>\n<\/div><\/div>\n<\/div><\/div><\/div>\n\n\n<style>#kt-layout-id_51b476-25 > .kt-row-column-wrap{align-content:start;}:where(#kt-layout-id_51b476-25 > .kt-row-column-wrap) > .wp-block-kadence-column{justify-content:start;}#kt-layout-id_51b476-25 > .kt-row-column-wrap{column-gap:80px;row-gap:var(--global-kb-gap-md, 2rem);max-width:var( --global-content-width, 1290px );padding-left:var(--global-content-edge-padding);padding-right:var(--global-content-edge-padding);padding-top:var( --global-kb-row-default-top, 25px );padding-bottom:var( --global-kb-row-default-bottom, 25px );padding-top:80px;padding-bottom:80px;grid-template-columns:repeat(2, minmax(0, 1fr));}#kt-layout-id_51b476-25{background-image:url('https:\/\/aperodelices.com\/wp-content\/uploads\/2021\/12\/process-1-min-scaled-1.jpeg');background-size:cover;background-position:7.000000000000001% 40%;background-attachment:scroll;background-repeat:no-repeat;}#kt-layout-id_51b476-25 > .kt-row-layout-overlay{opacity:0.29;background-color:#3d3d3e;mix-blend-mode:multiply;}@media all and (max-width: 1024px){#kt-layout-id_51b476-25 > .kt-row-column-wrap{grid-template-columns:repeat(2, minmax(0, 1fr));}}@media all and (max-width: 767px){#kt-layout-id_51b476-25 > .kt-row-column-wrap{grid-template-columns:minmax(0, 1fr);}}<\/style>\n<div class=\"wp-block-kadence-rowlayout alignnone\"><div id=\"kt-layout-id_51b476-25\" class=\"kt-row-layout-inner kt-row-has-bg kt-layout-id_51b476-25\"><div class=\"kt-row-layout-overlay kt-row-overlay-normal\"><\/div><div class=\"kt-row-column-wrap kt-has-2-columns kt-gutter-widest kt-v-gutter-default kt-row-valign-top kt-row-layout-equal kt-tab-layout-inherit kt-m-colapse-left-to-right kt-mobile-layout-row kb-theme-content-width\"><style>.kadence-column_772b51-f7 > .kt-inside-inner-col{border-top-width:0px;border-right-width:0px;border-bottom-width:0px;border-left-width:0px;}.kadence-column_772b51-f7 > .kt-inside-inner-col,.kadence-column_772b51-f7 > .kt-inside-inner-col:before{border-top-left-radius:0px;border-top-right-radius:0px;border-bottom-right-radius:0px;border-bottom-left-radius:0px;}.kadence-column_772b51-f7 > .kt-inside-inner-col{column-gap:var(--global-kb-gap-sm, 1rem);}.kadence-column_772b51-f7 > .kt-inside-inner-col{flex-direction:column;}.kadence-column_772b51-f7 > .kt-inside-inner-col > .aligncenter{width:100%;}.kadence-column_772b51-f7 > .kt-inside-inner-col:before{opacity:0.3;}.kadence-column_772b51-f7{position:relative;}@media all and (max-width: 1024px){.kadence-column_772b51-f7 > .kt-inside-inner-col{flex-direction:column;justify-content:center;}}@media all and (max-width: 767px){.kadence-column_772b51-f7 > .kt-inside-inner-col{flex-direction:column;justify-content:center;}}<\/style>\n<div class=\"wp-block-kadence-column inner-column-1 kadence-column_772b51-f7\"><div class=\"kt-inside-inner-col\"><style>.wp-block-kadence-advancedheading.kt-adv-heading_1b3b4a-ae, .wp-block-kadence-advancedheading.kt-adv-heading_1b3b4a-ae[data-kb-block=\"kb-adv-heading_1b3b4a-ae\"]{font-style:normal;}.wp-block-kadence-advancedheading.kt-adv-heading_1b3b4a-ae mark.kt-highlight, .wp-block-kadence-advancedheading.kt-adv-heading_1b3b4a-ae[data-kb-block=\"kb-adv-heading_1b3b4a-ae\"] mark.kt-highlight{font-style:normal;color:#f76a0c;-webkit-box-decoration-break:clone;box-decoration-break:clone;padding-top:0px;padding-right:0px;padding-bottom:0px;padding-left:0px;}.wp-block-kadence-advancedheading.kt-adv-heading_1b3b4a-ae img.kb-inline-image, .wp-block-kadence-advancedheading.kt-adv-heading_1b3b4a-ae[data-kb-block=\"kb-adv-heading_1b3b4a-ae\"] img.kb-inline-image{width:150px;vertical-align:baseline;}<\/style>\n<h6 class=\"kt-adv-heading_1b3b4a-ae wp-block-kadence-advancedheading has-theme-palette-1-color has-text-color\" data-kb-block=\"kb-adv-heading_1b3b4a-ae\">Fabrication des biscuits<\/h6>\n\n\n<style>.wp-block-kadence-advancedheading.kt-adv-heading_a0b4c0-4a, .wp-block-kadence-advancedheading.kt-adv-heading_a0b4c0-4a[data-kb-block=\"kb-adv-heading_a0b4c0-4a\"]{font-style:normal;}.wp-block-kadence-advancedheading.kt-adv-heading_a0b4c0-4a mark.kt-highlight, .wp-block-kadence-advancedheading.kt-adv-heading_a0b4c0-4a[data-kb-block=\"kb-adv-heading_a0b4c0-4a\"] mark.kt-highlight{font-style:normal;color:#f76a0c;-webkit-box-decoration-break:clone;box-decoration-break:clone;padding-top:0px;padding-right:0px;padding-bottom:0px;padding-left:0px;}.wp-block-kadence-advancedheading.kt-adv-heading_a0b4c0-4a img.kb-inline-image, .wp-block-kadence-advancedheading.kt-adv-heading_a0b4c0-4a[data-kb-block=\"kb-adv-heading_a0b4c0-4a\"] img.kb-inline-image{width:150px;vertical-align:baseline;}<\/style>\n<h4 class=\"kt-adv-heading_a0b4c0-4a wp-block-kadence-advancedheading has-theme-palette-9-color has-text-color\" data-kb-block=\"kb-adv-heading_a0b4c0-4a\">Proc\u00e9d\u00e9 de fabrication des biscuits<\/h4>\n\n\n<style>.wp-block-kadence-advancedheading.kt-adv-heading_8209ca-92, .wp-block-kadence-advancedheading.kt-adv-heading_8209ca-92[data-kb-block=\"kb-adv-heading_8209ca-92\"]{font-size:25px;line-height:1.5em;font-style:normal;}.wp-block-kadence-advancedheading.kt-adv-heading_8209ca-92 mark.kt-highlight, .wp-block-kadence-advancedheading.kt-adv-heading_8209ca-92[data-kb-block=\"kb-adv-heading_8209ca-92\"] mark.kt-highlight{font-style:normal;color:#f76a0c;-webkit-box-decoration-break:clone;box-decoration-break:clone;padding-top:0px;padding-right:0px;padding-bottom:0px;padding-left:0px;}.wp-block-kadence-advancedheading.kt-adv-heading_8209ca-92 img.kb-inline-image, .wp-block-kadence-advancedheading.kt-adv-heading_8209ca-92[data-kb-block=\"kb-adv-heading_8209ca-92\"] img.kb-inline-image{width:150px;vertical-align:baseline;}<\/style>\n<p class=\"kt-adv-heading_8209ca-92 wp-block-kadence-advancedheading has-theme-palette-9-color has-text-color\" data-kb-block=\"kb-adv-heading_8209ca-92\">La fabrication commence par la r\u00e9alisation de la p\u00e2te.<br>Il s&rsquo;agit d&rsquo;une base de p\u00e2te sabl\u00e9e, l&rsquo;ensemble des ingr\u00e9dients sont ajout\u00e9s selon la recette dans le p\u00e9trin.<\/p>\n<\/div><\/div>\n\n\n<style>.kadence-column_89f563-ad > .kt-inside-inner-col{border-top-width:0px;border-right-width:0px;border-bottom-width:0px;border-left-width:0px;}.kadence-column_89f563-ad > .kt-inside-inner-col,.kadence-column_89f563-ad > .kt-inside-inner-col:before{border-top-left-radius:0px;border-top-right-radius:0px;border-bottom-right-radius:0px;border-bottom-left-radius:0px;}.kadence-column_89f563-ad > .kt-inside-inner-col{column-gap:var(--global-kb-gap-sm, 1rem);}.kadence-column_89f563-ad > .kt-inside-inner-col{flex-direction:column;}.kadence-column_89f563-ad > .kt-inside-inner-col > .aligncenter{width:100%;}.kadence-column_89f563-ad > .kt-inside-inner-col:before{opacity:0.3;}.kadence-column_89f563-ad{position:relative;}@media all and (max-width: 1024px){.kadence-column_89f563-ad > .kt-inside-inner-col{flex-direction:column;justify-content:center;}}@media all and (max-width: 767px){.kadence-column_89f563-ad > .kt-inside-inner-col{flex-direction:column;justify-content:center;}}<\/style>\n<div class=\"wp-block-kadence-column inner-column-2 kadence-column_89f563-ad\"><div class=\"kt-inside-inner-col\"><style>.wp-block-kadence-advancedheading.kt-adv-heading_db85e1-91, .wp-block-kadence-advancedheading.kt-adv-heading_db85e1-91[data-kb-block=\"kb-adv-heading_db85e1-91\"]{font-size:25px;line-height:1.5em;font-style:normal;}.wp-block-kadence-advancedheading.kt-adv-heading_db85e1-91 mark.kt-highlight, .wp-block-kadence-advancedheading.kt-adv-heading_db85e1-91[data-kb-block=\"kb-adv-heading_db85e1-91\"] mark.kt-highlight{font-style:normal;color:#f76a0c;-webkit-box-decoration-break:clone;box-decoration-break:clone;padding-top:0px;padding-right:0px;padding-bottom:0px;padding-left:0px;}.wp-block-kadence-advancedheading.kt-adv-heading_db85e1-91 img.kb-inline-image, .wp-block-kadence-advancedheading.kt-adv-heading_db85e1-91[data-kb-block=\"kb-adv-heading_db85e1-91\"] img.kb-inline-image{width:150px;vertical-align:baseline;}<\/style>\n<p class=\"kt-adv-heading_db85e1-91 wp-block-kadence-advancedheading has-theme-palette-9-color has-text-color\" data-kb-block=\"kb-adv-heading_db85e1-91\">La p\u00e2te est plac\u00e9e au froid afin de durcir.<br>Elle est ensuite pass\u00e9e au laminoir pour obtenir une \u00e9paisseur \u00e9gale.<br>Un nouveau s\u00e9jour au froid, puis d\u00e9coupe des biscuits avec des emportes pi\u00e8ces et un tampon pour a\u00e9rer la pate.<\/p>\n\n\n<style>.wp-block-kadence-advancedheading.kt-adv-heading_b31b46-7c, .wp-block-kadence-advancedheading.kt-adv-heading_b31b46-7c[data-kb-block=\"kb-adv-heading_b31b46-7c\"]{font-size:25px;line-height:1.5em;font-style:normal;}.wp-block-kadence-advancedheading.kt-adv-heading_b31b46-7c mark.kt-highlight, .wp-block-kadence-advancedheading.kt-adv-heading_b31b46-7c[data-kb-block=\"kb-adv-heading_b31b46-7c\"] mark.kt-highlight{font-style:normal;color:#f76a0c;-webkit-box-decoration-break:clone;box-decoration-break:clone;padding-top:0px;padding-right:0px;padding-bottom:0px;padding-left:0px;}.wp-block-kadence-advancedheading.kt-adv-heading_b31b46-7c img.kb-inline-image, .wp-block-kadence-advancedheading.kt-adv-heading_b31b46-7c[data-kb-block=\"kb-adv-heading_b31b46-7c\"] img.kb-inline-image{width:150px;vertical-align:baseline;}<\/style>\n<p class=\"kt-adv-heading_b31b46-7c wp-block-kadence-advancedheading has-theme-palette-9-color has-text-color\" data-kb-block=\"kb-adv-heading_b31b46-7c\">La troisi\u00e8me \u00e9tape est le petit tour au four pour la cuisson apr\u00e8s avoir plac\u00e9 les biscuits sur des plaques.<br><br>Une fois la cuisson r\u00e9alis\u00e9e les plaques sont mises \u00e0 refroidir, les biscuits sont alors pr\u00eats \u00e0 \u00eatres conditionn\u00e9s.<\/p>\n<\/div><\/div>\n<\/div><\/div><\/div>\n","protected":false},"excerpt":{"rendered":"<p>Fabrication Fabrication des billes Proc\u00e9d\u00e9 de fabrication des billes La fabrication commence par la r\u00e9alisation de la p\u00e2te. Il s&rsquo;agit d&rsquo;une base de p\u00e2te sabl\u00e9e, l&rsquo;ensemble des ingr\u00e9dients sont ajout\u00e9s selon la recette dans le p\u00e9trin. La seconde \u00e9tape consiste \u00e0 remplir nos plaques de moules en demies sph\u00e8res manuellement \u00e0 l&rsquo;aide d&rsquo;un couteau de&#8230;<\/p>\n","protected":false},"author":1,"featured_media":219,"parent":0,"menu_order":0,"comment_status":"closed","ping_status":"closed","template":"","meta":{"_kadence_starter_templates_imported_post":true,"_kad_post_transparent":"","_kad_post_title":"","_kad_post_layout":"","_kad_post_sidebar_id":"","_kad_post_content_style":"","_kad_post_vertical_padding":"","_kad_post_feature":"","_kad_post_feature_position":"","_kad_post_header":false,"_kad_post_footer":false,"_kad_post_classname":"","footnotes":""},"class_list":["post-22","page","type-page","status-publish","has-post-thumbnail","hentry"],"jetpack_sharing_enabled":true,"_links":{"self":[{"href":"https:\/\/aperodelices.com\/index.php?rest_route=\/wp\/v2\/pages\/22","targetHints":{"allow":["GET"]}}],"collection":[{"href":"https:\/\/aperodelices.com\/index.php?rest_route=\/wp\/v2\/pages"}],"about":[{"href":"https:\/\/aperodelices.com\/index.php?rest_route=\/wp\/v2\/types\/page"}],"author":[{"embeddable":true,"href":"https:\/\/aperodelices.com\/index.php?rest_route=\/wp\/v2\/users\/1"}],"replies":[{"embeddable":true,"href":"https:\/\/aperodelices.com\/index.php?rest_route=%2Fwp%2Fv2%2Fcomments&post=22"}],"version-history":[{"count":7,"href":"https:\/\/aperodelices.com\/index.php?rest_route=\/wp\/v2\/pages\/22\/revisions"}],"predecessor-version":[{"id":469,"href":"https:\/\/aperodelices.com\/index.php?rest_route=\/wp\/v2\/pages\/22\/revisions\/469"}],"wp:featuredmedia":[{"embeddable":true,"href":"https:\/\/aperodelices.com\/index.php?rest_route=\/wp\/v2\/media\/219"}],"wp:attachment":[{"href":"https:\/\/aperodelices.com\/index.php?rest_route=%2Fwp%2Fv2%2Fmedia&parent=22"}],"curies":[{"name":"wp","href":"https:\/\/api.w.org\/{rel}","templated":true}]}}